{"id":1278,"date":"2020-06-13T16:54:57","date_gmt":"2020-06-13T16:54:57","guid":{"rendered":"https:\/\/nippongaseshealthcare.pt\/?page_id=1278"},"modified":"2021-09-14T13:31:58","modified_gmt":"2021-09-14T13:31:58","slug":"quem-somos","status":"publish","type":"page","link":"https:\/\/nippongaseshealthcare.pt\/","title":{"rendered":"In\u00edcio"},"content":{"rendered":"<div class=\"su-row\"><div class=\"su-column su-column-size-1-2\"><div class=\"su-column-inner su-u-clearfix su-u-trim\"><div class=\"su-spacer\" style=\"height:50px\"><\/div><\/div><\/div>\n<div class=\"su-column su-column-size-1-2\"><div class=\"su-column-inner su-u-clearfix su-u-trim\"><div class=\"su-spacer\" style=\"height:50px\"><\/div>\n<p><center><strong><span style=\"font-family: Barlow-Regular; font-size: 16pt; color: #000000;\">Bem-vindos \u00e0 Nippon Gases Healthcare,<br \/>\na divis\u00e3o m\u00e9dica de uma companhia, que \u00e9 parte<br \/>\ndo l\u00edder global Taiyo Nippon Sanso Corporation<\/span><\/strong>\n<style>\n\t#hotspot-1667 .hotspots-image-container,\n\t#hotspot-1667 .leaflet-container {\n\t\tbackground: #efefef\t}\n\n\t#hotspot-1667 .hotspots-placeholder {\n\t\tbackground: #2E2D29;\n\t\tborder: 0 #2E2D29 solid;\n\t\tcolor: #DFEBE5;\n\t}\n\n\t#hotspot-1667 .hotspot-title {\n\t\tcolor: #93C7A4;\n\t}\n\n\t\t\t#hotspot-1667 .hotspot-default {\n\t\t\tstroke-width: 1;\n\t\t\tfill: #ffffff;\n\t\t\tfill-opacity: 0;\n\t\t\tstroke: #ffffff;\n\t\t\tstroke-opacity: 0;\n\t\t}\n\t\t#hotspot-1667 .hotspot-default:hover,\n\t\t#hotspot-1667 .hotspot-default:focus-visible,\n\t\t#hotspot-1667 .hotspot-default.hotspot-active {\n\t\t\tfill: #ffffff;\n\t\t\tfill-opacity: 0.21;\n\t\t\tstroke: #ffffff;\n\t\t\tstroke-opacity: 0.21;\n\t\t}\n\t\t#hotspot-1667 .leaflet-tooltip,\n\t#hotspot-1667 .leaflet-rrose-content-wrapper {\n\t\tbackground: #2E2D29;\n\t\tborder-color: #2E2D29;\n\t\tcolor: #DFEBE5;\n\t}\n\n\t#hotspot-1667 a.leaflet-rrose-close-button {\n\t\tcolor: #93C7A4;\n\t}\n\n\t#hotspot-1667 .leaflet-rrose-tip {\n\t\tbackground: #2E2D29;\n\t}\n\n\t#hotspot-1667 .leaflet-popup-scrolled {\n\t\tborder-bottom-color: #DFEBE5;\n\t\tborder-top-color: #DFEBE5;\n\t}\n\n\t#hotspot-1667 .leaflet-tooltip-top:before {\n\t\tborder-top-color: #2E2D29;\n\t}\n\n\t#hotspot-1667 .leaflet-tooltip-bottom:before {\n\t\tborder-bottom-color: #2E2D29;\n\t}\n\t#hotspot-1667 .leaflet-tooltip-left:before {\n\t\tborder-left-color: #2E2D29;\n\t}\n\t#hotspot-1667 .leaflet-tooltip-right:before {\n\t\tborder-right-color: #2E2D29;\n\t}\n<\/style>\n\n\t\n\t<div class=\"hotspots-container links-only layout-left event-click\" id=\"hotspot-1667\" data-layout=\"left\" data-trigger=\"click\">\n\t\t<div class=\"hotspots-interaction\">\n\t\t\t<div class=\"hotspots-image-container\">\n\t<img\n\t\twidth=\"540\"\n\t\theight=\"111\"\n\t\tsrc=\"https:\/\/nippongaseshealthcare.pt\/wp-content\/uploads\/2020\/07\/contactos-transparente-e1594121503239.png\"\n\t\talt=\"imagem\"\n\t\tclass=\"hotspots-image skip-lazy\"\n\t\tusemap=\"#hotspots-image-1667\"\n\t\tdata-image-title=\"imagem\"\n\t\tdata-image-description=\"\"\n\t\tdata-event-trigger=\"click\"\n\t\tdata-always-visible=\"false\"\n\t\tdata-id=\"1667\"\n\t\tdata-no-lazy=\"1\"\n\t\tdata-lazy-src=\"\"\n\t\tdata-lazy=\"false\"\n\t\tloading=\"eager\"\n\t\tdata-skip-lazy=\"1\"\n\t\t>\n<\/div>\t\t<\/div>\n\t\t<map name=\"hotspots-image-1667\" class=\"hotspots-map\">\n\t\t\t\t\t\t\t\t\t\t\t<area\n\t\t\t\t\tshape=\"polygon\"\n\t\t\t\t\tcoords=\"419,49,426,43,434,41,443,43,450,49,452,55,453,66,447,72,440,76,430,77,423,73,418,65,416,58\"\n\t\t\t\t\thref=\"https:\/\/twitter.com\/NGHealthcarePT\"\n\t\t\t\t\trel=\"\"\n\t\t\t\t\ttitle=\"\"\n\t\t\t\t\talt=\"\"\n\t\t\t\t\tdata-action=\"url\"\n\t\t\t\t\tdata-color-scheme=\"\"\n\t\t\t\t\ttarget=\"_new\"\n\t\t\t\t\tclass=\"url-area\"\n\t\t\t\t\t>\n\t\t\t\t\t\t\t\t\t\t\t<area\n\t\t\t\t\tshape=\"polygon\"\n\t\t\t\t\tcoords=\"480,48,486,42,496,40,508,46,513,54,513,65,506,72,497,76,488,75,480,70,477,59\"\n\t\t\t\t\thref=\"https:\/\/www.linkedin.com\/company\/nippon-gases-portugal-healthcare\/\"\n\t\t\t\t\trel=\"\"\n\t\t\t\t\ttitle=\"\"\n\t\t\t\t\talt=\"\"\n\t\t\t\t\tdata-action=\"url\"\n\t\t\t\t\tdata-color-scheme=\"\"\n\t\t\t\t\ttarget=\"_new\"\n\t\t\t\t\tclass=\"url-area\"\n\t\t\t\t\t>\n\t\t\t\t\t<\/map>\n\n\t\t\n\t\t\t\t\t\t\t\t\t<\/div>\n\n<\/div><\/div><\/div><\/center><\/p>\n","protected":false},"excerpt":{"rendered":"","protected":false},"author":1,"featured_media":0,"parent":0,"menu_order":0,"comment_status":"closed","ping_status":"closed","template":"template-fullwidth.php","meta":[],"aioseo_notices":[],"_links":{"self":[{"href":"https:\/\/nippongaseshealthcare.pt\/index.php?rest_route=\/wp\/v2\/pages\/1278"}],"collection":[{"href":"https:\/\/nippongaseshealthcare.pt\/index.php?rest_route=\/wp\/v2\/pages"}],"about":[{"href":"https:\/\/nippongaseshealthcare.pt\/index.php?rest_route=\/wp\/v2\/types\/page"}],"author":[{"embeddable":true,"href":"https:\/\/nippongaseshealthcare.pt\/index.php?rest_route=\/wp\/v2\/users\/1"}],"replies":[{"embeddable":true,"href":"https:\/\/nippongaseshealthcare.pt\/index.php?rest_route=%2Fwp%2Fv2%2Fcomments&post=1278"}],"version-history":[{"count":0,"href":"https:\/\/nippongaseshealthcare.pt\/index.php?rest_route=\/wp\/v2\/pages\/1278\/revisions"}],"wp:attachment":[{"href":"https:\/\/nippongaseshealthcare.pt\/index.php?rest_route=%2Fwp%2Fv2%2Fmedia&parent=1278"}],"curies":[{"name":"wp","href":"https:\/\/api.w.org\/{rel}","templated":true}]}}