{"id":3,"date":"2020-06-11T21:53:08","date_gmt":"2020-06-11T21:53:08","guid":{"rendered":"http:\/\/nippongaseshealthcare.pt\/?page_id=3"},"modified":"2021-02-09T13:33:07","modified_gmt":"2021-02-09T13:33:07","slug":"politica-privacidade","status":"publish","type":"page","link":"https:\/\/nippongaseshealthcare.pt\/?page_id=3","title":{"rendered":"Pol\u00edtica de privacidade"},"content":{"rendered":"<p><strong>Pol\u00edtica de Privacidade e Tratamento de Dados Pessoais<\/strong><\/p>\r\n<p><strong>I \u2013 A Nippon Gases Healthcare<\/strong><\/p>\r\n<p>A Nippon Gases Healthcare \u00e9 a Divis\u00e3o M\u00e9dica da Nippon Gases Portugal Unipessoal Lda.<\/p>\r\n<p>Tendo em conta a proporcionalidade e adequa\u00e7\u00e3o impostas pela capacidade de aloca\u00e7\u00e3o dos recursos e meios t\u00e9cnicos ao seu alcance, A Nippon Gases Portugal est\u00e1 profunda e genuinamente comprometida e empenhada em dar prote\u00e7\u00e3o aos seus clientes e parceiros, bem como aos profissionais de sa\u00fade e outros utilizadores das suas plataformas digitais e outros meios de suporte \u00e0s atividades desenvolvidas de car\u00e1ter formativo e cient\u00edfico no que diz respeito \u00e0 sua privacidade e ao tratamento e circula\u00e7\u00e3o dos seus dados pessoais.<\/p>\r\n<p>&nbsp;<\/p>\r\n<p><strong>II \u2013 O Respons\u00e1vel pelo tratamento de dados.<\/strong><\/p>\r\n<p>A Nippon Gases Portugal, Unipessoal, Lda, sociedade por cotas registada com o NIPC 501738916 \u00e9 a entidade respons\u00e1vel por definir os meios e as finalidades no tratamento de dados pessoais.<\/p>\r\n<p>Morada: Rua do Espido, s\/n, 4470 &#8211; 177 MAIA.<\/p>\r\n<p>&nbsp;<\/p>\r\n<p><strong>III &#8211; Abrang\u00eancia pessoal e material da presente Pol\u00edtica de privacidade:<\/strong><\/p>\r\n<p>A presente pol\u00edtica de privacidade obriga a Nippon Gases Portugal exclusivamente no que concerne aos dados pessoais que recolha, trate e fa\u00e7a circular.<\/p>\r\n<p>Igual pol\u00edtica, ou equiparada, ser\u00e1 ainda assumida, por via contratual celebrados com a Nippon Gases Portugal, pelas entidades que tratarem esses mesmos dados pessoais em nome desta.<\/p>\r\n<p>A disponibiliza\u00e7\u00e3o atrav\u00e9s dos websites da Nippon Gases Portugal de outros links de acesso a outros websites alheios \u00e0 Empresa \u00e9 feita de boa f\u00e9 e no interesse do utilizador, n\u00e3o podendo esta ser responsabilizada, seja por que forma for, pela recolha, tratamento e destino dos dados nesses Websites, nem pelas fiabilidade, exatid\u00e3o, licitude e funcionalidades a\u00ed dispon\u00edveis, n\u00e3o lhes sendo, por conseguinte, aplic\u00e1vel esta pol\u00edtica de privacidade.<\/p>\r\n<p>A Nippon Gases Portugal considera obrigat\u00f3ria e presumir\u00e1 para todos os efeitos, sem possibilidade de prova em contr\u00e1rio, que proceder\u00e1 \u00e0 leitura das pol\u00edticas de privacidade de todos os websites a que aceder.<\/p>\r\n<p><strong>\u00a0<\/strong><\/p>\r\n<p><strong>IV &#8211; A raz\u00e3o de ser e a publicita\u00e7\u00e3o desta Pol\u00edtica de privacidade:<\/strong><\/p>\r\n<p>Para al\u00e9m de a implementar nos seus processos organizativos, a Nippon Gases Portugal redigiu a presente Pol\u00edtica de Privacidade com o objetivo de disponibilizar, dar a conhecer e publicitar instrumento explicativo das regras gerais de privacidade e tratamento dos dados pessoais que recolhe, sempre no estrito cumprimento da Legisla\u00e7\u00e3o atinente.<\/p>\r\n<p>Solicitamos-lhe que leia por favor esta Pol\u00edtica de Privacidade com aten\u00e7\u00e3o, pois, o disponibilizar os seus dados pessoais, seja pessoalmente, seja aquando do acesso aos \u00a0nossos Websites, implica que conhece e aceita as condi\u00e7\u00f5es aqui constantes e o tratamento deles para os fins l\u00edcitos e leg\u00edtimos previstos por Lei.<\/p>\r\n<p>A Nippon Gases Portugal reserva-se expressamente o direito de, a todo o tempo, alterar a presente pol\u00edtica de privacidade, sendo o resultado delas devidamente publicitada pelos mesmos meios.<\/p>\r\n<p>&nbsp;<\/p>\r\n<p><strong>V &#8211; Conceito de dados pessoais:<\/strong><\/p>\r\n<p>Por dados pessoais entender-se-\u00e1 qualquer informa\u00e7\u00e3o ou registo, de qualquer natureza e independentemente do respetivo suporte ou formato, relativa a pessoa singular identificada ou identific\u00e1vel.<\/p>\r\n<p>Considera-se identific\u00e1vel a pessoa que consiga ser direta ou indiretamente identificada por refer\u00eancia a um ou mais dados pessoais espec\u00edficos, isoladamente considerados ou conjugados entre si, mormente da sua identidade f\u00edsica, fisiol\u00f3gica, ps\u00edquica, econ\u00f3mica, \u00e9tnica, cultural, geogr\u00e1fica, social ou a sua localiza\u00e7\u00e3o.<\/p>\r\n<p><strong>\u00a0<\/strong><\/p>\r\n<p><strong>VI &#8211; Tipos de dados pessoais recolhidos e tratados:<\/strong><\/p>\r\n<p>No \u00e2mbito das atividades desenvolvidas e suportadas pela plataforma nippongaseshealthcare.pt, incluindo a Academia de Forma\u00e7\u00e3o da Nippon Gases Healthcare, s\u00e3o recolhidos e tratados, designadamente:<\/p>\r\n<p>Dados pessoais necess\u00e1rios \u00e0 presta\u00e7\u00e3o de servi\u00e7os, concretamente na \u00e1rea da forma\u00e7\u00e3o, tratando neste \u00e2mbito dados de identifica\u00e7\u00e3o e dados de contacto. Adicionalmente,\u00a0 poder\u00e3o ser tratados dados pessoais de outras categorias estritamente respeitantes \u00e0 participa\u00e7\u00e3o e desenvolvimento de a\u00e7\u00f5es formativas.<\/p>\r\n<p>Sem embargo do cumprimento de normas legais, ou ordens leg\u00edtimas provindas de autoridade competente, relativamente \u00e0 conserva\u00e7\u00e3o e transmiss\u00e3o de dados, a Nippon Gases Portugal procede somente ao tratamento de dados pessoais necess\u00e1rios \u00e0 sua atividade, na justa e estrita medida exigida pela natureza da rela\u00e7\u00e3o contratual ou de outra natureza, estabelecida com o titular desses dados, ou do consentimento deste pr\u00e9vio, leg\u00edtimo, l\u00edcito, informado, eventualmente existente se o mesmo for usado como fundamento de licitude.<\/p>\r\n<p>&nbsp;<\/p>\r\n<p><strong>VII &#8211; Finalidades da recolha e tratamento dos dados pessoais:<\/strong><\/p>\r\n<p>No geral, os dados pessoais recolhidos visam a gest\u00e3o de clientes, a presta\u00e7\u00e3o dos servi\u00e7os de forma\u00e7\u00e3o disponibilizados, a adequa\u00e7\u00e3o da presta\u00e7\u00e3o de servi\u00e7os \u00e0s necessidades e interesses do cliente, o envio de sugest\u00f5es, as a\u00e7\u00f5es de informa\u00e7\u00e3o e marketing, o dar a conhecer campanhas, publicidade e not\u00edcias sobre os produtos e servi\u00e7os prestados, a\u00e7\u00f5es de \u00e2mbito formativo, realiza\u00e7\u00e3o de estudos de mercado e inqu\u00e9ritos de satisfa\u00e7\u00e3o, a gest\u00e3o de reclama\u00e7\u00f5es, o cumprimento de obriga\u00e7\u00f5es legais e para as demais finalidades para as quais a Lei reconhe\u00e7a \u00e0 Nippon Gases Portugal interesse leg\u00edtimo.<\/p>\r\n<p>&nbsp;<\/p>\r\n<p><strong>VIII &#8211; Prazos de conserva\u00e7\u00e3o dos seus dados pessoais:<\/strong><\/p>\r\n<p>Sempre que exista exig\u00eancia legal especifica que obrigue a conservar os dados por um per\u00edodo de tempo m\u00ednimo, ser\u00e1 este observado pela Nippon Gases Portugal.<\/p>\r\n<p>A Nippon Gases Portugal manter\u00e1 os seus dados pessoais armazenados durante o per\u00edodo de tempo m\u00ednimo e estritamente necess\u00e1rio \u00e0 finalidade para a qual a informa\u00e7\u00e3o \u00e9 recolhida e tratada, ap\u00f3s o que os eliminar\u00e1.<\/p>\r\n<p>&nbsp;<\/p>\r\n<p><strong>IX &#8211; Direito de acesso, retifica\u00e7\u00e3o, oposi\u00e7\u00e3o, apagamento, limita\u00e7\u00e3o e portabilidade dos seus dados pessoais:<\/strong><\/p>\r\n<p>\u00c9 pela Nippon Gases Portugal garantido ao titular dos dados pessoais, o direito de acesso, retifica\u00e7\u00e3o, oposi\u00e7\u00e3o, apagamento, limita\u00e7\u00e3o e portabilidade dos seus dados pessoais.<\/p>\r\n<p>Pode exercer os direitos, acima mencionados, mediante contacto direto com a Nippon Gases Portugal, na nossa sede social sita na Rua do Espido, s\/n, 4470 &#8211; 177 MAIA, ou pelo endere\u00e7o eletr\u00f3nico dpessoais.portugal@nippongases.com.<\/p>\r\n<p>Caso considere pertinente, pode apresentar reclama\u00e7\u00e3o junto da Comiss\u00e3o Nacional de Prote\u00e7\u00e3o de Dados &#8211; Av. D. Carlos I, 134 &#8211; 1.\u00ba 1200-651 Lisboa- Tel: +351 213928400 &#8211; Fax: +351 213976832 &#8211; e-mail: geral@cnpd.pt.<\/p>\r\n<p>&nbsp;<\/p>\r\n<p>&nbsp;<\/p>\r\n<p>&nbsp;<\/p>\r\n<p><strong>X &#8211; Medidas que adotamos com vista \u00e0 seguran\u00e7a dos seus dados pessoais:<\/strong><\/p>\r\n<p>A Nippon Gases Portugal observa as melhores pr\u00e1ticas tamb\u00e9m no que ao tratamento de dados respeita, adotando as medidas t\u00e9cnicas e organizativas adequadas ao risco, no dom\u00ednio da seguran\u00e7a e da prote\u00e7\u00e3o dos dados pessoais, tendo para tal aprovado e implementado exigente plano de conformidade com os objetivos, a Lei e o interesse dos titulares dos dados pessoais, capaz de acautelar a prote\u00e7\u00e3o dos dados que s\u00e3o disponibilizados por todos quantos de algum modo se relacionam connosco, de modo a proteg\u00ea-los contra a sua difus\u00e3o, perda, uso indevido, altera\u00e7\u00e3o, tratamento ou acesso n\u00e3o autorizado, bem como, contra qualquer outra forma de tratamento il\u00edcito.<\/p>\r\n<p>Assim, os dados pessoais recolhidos atrav\u00e9s \u00a0do website nippongaseshealthcare.pt, \u00a0s\u00e3o transmitidos atrav\u00e9s de sess\u00f5es encriptadas do Browser e ficam armazenados de forma segura nos nossos reposit\u00f3rios e sistemas digitais. Todos os dados pessoais que nos cede, encontram-se num centro de dados da pr\u00f3pria Empresa, ou de um nosso subcontratante, a coberto de todas as medidas de seguran\u00e7a f\u00edsicas e log\u00edsticas avan\u00e7adas, que entendemos serem indispens\u00e1veis \u00e0 prote\u00e7\u00e3o dos seus dados pessoais.<\/p>\r\n<p>Apesar destas medidas de seguran\u00e7a, alertamos todos quantos navegam na Internet que devem adotar medidas adicionais de seguran\u00e7a designadamente, assegurar que utiliza um PC e um Browser atualizados em termos de \u201cpatches\u201d de seguran\u00e7a adequadamente configurados, com firewall ativa, antiv\u00edrus e anti-spyware e, certificar-se da autenticidade dos sites que visita na internet, devendo evitar websites em cuja reputa\u00e7\u00e3o n\u00e3o confie.<\/p>\r\n<p>Do referido plano de conformidade e seguran\u00e7a faz parte a exist\u00eancia em fun\u00e7\u00f5es de um Encarregado de Prote\u00e7\u00e3o de Dados Pessoais designado, a quem incumbe, entre o mais, verificar esta Pol\u00edtica de privacidade, manter claras as regras de tratamento de dados pessoais e comunicar com as autoridades de controlo, garantindo a todos quantos confiam \u00e0 Nippon Gases Portugal o tratamento dos seus dados pessoais, o conhecimento efetivo do modo como esta os trata e quais os direitos que lhes assistem nessa mat\u00e9ria.<\/p>\r\n<p>&nbsp;<\/p>\r\n<p><strong>XI &#8211; O encarregado de prote\u00e7\u00e3o de dados pessoais designado:<\/strong><\/p>\r\n<p>O Encarregado de Prote\u00e7\u00e3o de Dados que poder\u00e1 ser contactado atrav\u00e9s de carta enviada para a Rua do Espido, s\/n, 4470 &#8211; 177 MAIA, ou pelo endere\u00e7o eletr\u00f3nico dpessoais.portugal@nippongases.com.<\/p>\r\n<p>&nbsp;<\/p>\r\n<p>&nbsp;<\/p>\r\n<p>&nbsp;<\/p>\r\n<p><strong>XII &#8211; Comunica\u00e7\u00e3o de dados a outras entidades, subcontratantes ou terceiros:<\/strong><\/p>\r\n<p>A Nippon Gases Portugal pode recorrer a subcontratantes para efeito de recolha e tratamento de dados, com as mesmas finalidades que aquela visa, obtendo dessas entidades por via contratual, garantia de reputa\u00e7\u00e3o e obriga\u00e7\u00e3o de desenvolver as medidas t\u00e9cnicas e organizativas adequadas \u00e0 prote\u00e7\u00e3o dos dados e assegurar a defesa dos direitos dos titulares. Em certas circunst\u00e2ncias determinadas por Lei, determinados dados pessoais poder\u00e3o ter de ser comunicados a autoridades p\u00fablicas, como por exemplo autoridade tribut\u00e1ria, tribunais e for\u00e7as de seguran\u00e7a.<\/p>\r\n<p>Deste modo, qualquer dessas entidades subcontratadas tratar\u00e1 o dado pessoais em nome e por conta da Nippon Gases Portugal sob obriga\u00e7\u00e3o de adotar as medidas t\u00e9cnicas e organizacionais adequadas ao risco de forma a proteger os dados pessoais contra a destrui\u00e7\u00e3o, acidental ou il\u00edcita, a perda acidental, a altera\u00e7\u00e3o, a difus\u00e3o ou o acesso n\u00e3o autorizado e contra qualquer outra forma de tratamento il\u00edcito.<\/p>\r\n<p>&nbsp;<\/p>\r\n<p><strong>XIII &#8211; Transfer\u00eancia de dados pessoais:<\/strong><\/p>\r\n<p>A prossecu\u00e7\u00e3o da atividade da <strong>Nippon Gases Portugal <\/strong>pode implicar a transfer\u00eancia dos seus dados para fora de Portugal.<\/p>\r\n<p>Nesta eventualidade a <strong>Nippon Gases Portugal <\/strong>cumprir\u00e1 rigorosamente as disposi\u00e7\u00f5es legais aplic\u00e1veis, nomeadamente quanto \u00e0 determina\u00e7\u00e3o da fiabilidade e adequabilidade do Pa\u00eds de destino no que respeita a prote\u00e7\u00e3o de dados pessoais e aos requisitos aplic\u00e1veis a tais transfer\u00eancias.<\/p>\r\n<p><strong>\u00a0<\/strong><\/p>\r\n<p><strong>XIV &#8211; Cookies:<\/strong><\/p>\r\n<p>\u201cCookies\u201d s\u00e3o pequenas etiquetas de software que s\u00e3o armazenadas no seu computador atrav\u00e9s do navegador (browser), que por regra ret\u00eam apenas informa\u00e7\u00e3o relacionada com as suas prefer\u00eancias, n\u00e3o incluindo, como tal, os seus dados pessoais.<\/p>\r\n<p>Sempre que eventualmente n\u00e3o seja o caso, ao utilizador ser\u00e1 sempre solicitado consentimento para os fornecer, nos termos legais.\u00a0<\/p>\r\n<p>&nbsp;<\/p>\r\n<p>&nbsp;<\/p>\r\n<p>&nbsp;<\/p>\r\n<p>&nbsp;<\/p>\r\n<h3>Cookies<\/h3>\r\n<p>Se deixar um <strong>coment\u00e1rio<\/strong> no nosso site pode optar por guardar o seu nome, endere\u00e7o de email e site nos cookies. Isto \u00e9 para sua conveni\u00eancia para n\u00e3o ter de preencher novamente os seus dados quando deixar outro coment\u00e1rio. Estes cookies durar\u00e3o um ano.<\/p>\r\n<p>Se visitar a p\u00e1gina de in\u00edcio de sess\u00e3o, ser\u00e1 configurado um cookie tempor\u00e1rio para determinar se o seu navegador aceita cookies. Este cookie n\u00e3o cont\u00e9m dados pessoais e ser\u00e1 eliminado ao fechar o seu navegador.<\/p>\r\n<p>Ao iniciar a sess\u00e3o, ser\u00e3o configurados alguns cookies para guardar a sua informa\u00e7\u00e3o de sess\u00e3o e as suas escolhas de visualiza\u00e7\u00e3o de ecr\u00e3. Os cookies de in\u00edcio de sess\u00e3o duram um ano. Se selecionar \u201cLembrar-me\u201d, a sua sess\u00e3o ir\u00e1 persistir durante duas semanas. Ao terminar a sess\u00e3o, os cookies de inicio de sess\u00e3o ser\u00e3o removidos.<\/p>\r\n<h3>Conte\u00fado incorporado de outros sites<\/h3>\r\n<p>Os artigos neste site podem incluir conte\u00fado incorporado (por exemplo: v\u00eddeos, imagens, artigos, etc.). O conte\u00fado incorporado de outros sites comporta-se tal como se o utilizador visitasse esses sites.<\/p>\r\n","protected":false},"excerpt":{"rendered":"<p>Pol\u00edtica de Privacidade e Tratamento de Dados Pessoais I \u2013 A Nippon Gases Healthcare A Nippon Gases Healthcare \u00e9 a Divis\u00e3o M\u00e9dica da Nippon Gases Portugal Unipessoal Lda. Tendo em &#8230;<\/p>\n","protected":false},"author":1,"featured_media":0,"parent":0,"menu_order":0,"comment_status":"closed","ping_status":"closed","template":"","meta":[],"aioseo_notices":[],"_links":{"self":[{"href":"https:\/\/nippongaseshealthcare.pt\/index.php?rest_route=\/wp\/v2\/pages\/3"}],"collection":[{"href":"https:\/\/nippongaseshealthcare.pt\/index.php?rest_route=\/wp\/v2\/pages"}],"about":[{"href":"https:\/\/nippongaseshealthcare.pt\/index.php?rest_route=\/wp\/v2\/types\/page"}],"author":[{"embeddable":true,"href":"https:\/\/nippongaseshealthcare.pt\/index.php?rest_route=\/wp\/v2\/users\/1"}],"replies":[{"embeddable":true,"href":"https:\/\/nippongaseshealthcare.pt\/index.php?rest_route=%2Fwp%2Fv2%2Fcomments&post=3"}],"version-history":[{"count":0,"href":"https:\/\/nippongaseshealthcare.pt\/index.php?rest_route=\/wp\/v2\/pages\/3\/revisions"}],"wp:attachment":[{"href":"https:\/\/nippongaseshealthcare.pt\/index.php?rest_route=%2Fwp%2Fv2%2Fmedia&parent=3"}],"curies":[{"name":"wp","href":"https:\/\/api.w.org\/{rel}","templated":true}]}}